{"id":134,"date":"2025-09-09T16:20:09","date_gmt":"2025-09-09T14:20:09","guid":{"rendered":"https:\/\/determinantyzdravi.cz\/?page_id=134"},"modified":"2025-09-11T15:46:00","modified_gmt":"2025-09-11T13:46:00","slug":"prijimaci-zkouska","status":"publish","type":"page","link":"https:\/\/determinantyzdravi.cz\/en\/prijimaci-zkouska\/","title":{"rendered":"Admission"},"content":{"rendered":"<div class=\"wp-block-cover\" style=\"min-height:620px;aspect-ratio:unset;\"><img loading=\"lazy\" decoding=\"async\" width=\"1150\" height=\"382\" class=\"wp-block-cover__image-background wp-image-137 size-full\" alt=\"\" src=\"https:\/\/determinantyzdravi.cz\/wp-content\/uploads\/2025\/09\/9eccec_5cbfb4db5e49452482c9642440d0827dmv2.avif\" data-object-fit=\"cover\"\/><span aria-hidden=\"true\" class=\"wp-block-cover__background has-background-dim-40 has-background-dim\"><\/span><div class=\"wp-block-cover__inner-container has-global-padding is-layout-constrained wp-block-cover-is-layout-constrained\">\n<p class=\"has-text-align-center\" style=\"font-size:clamp(2.089rem, 2.089rem + ((1vw - 0.2rem) * 3.02), 3.75rem);\">Admission<\/p>\n\n\n\n<p class=\"has-text-align-center has-medium-font-size\">Have you graduated from a master\u2019s study programme (preferably in humanities or social sciences, but not a must)? Great!&nbsp;<\/p>\n\n\n\n<p class=\"has-text-align-center has-medium-font-size\">The deadline for submitting your application, along with paying the administration fee of 690 CZK, is 31 May each year.<a href=\"https:\/\/prihlaska.upol.cz\/prihlaska\/info.xhtml?lang=en\" target=\"_blank\" rel=\"noreferrer noopener\"><\/a><\/p>\n\n\n\n<div class=\"wp-block-buttons is-content-justification-center is-layout-flex wp-container-core-buttons-is-layout-178b9690 wp-block-buttons-is-layout-flex\" style=\"margin-top:16px;margin-bottom:16px\">\n<div class=\"wp-block-button is-style-outline is-style-outline--1\"><a class=\"wp-block-button__link has-base-color has-text-color has-background has-link-color has-border-color has-base-border-color wp-element-button\" href=\"https:\/\/prihlaska.upol.cz\/prihlaska\/info.xhtml?lang=en\" style=\"background-color:#ffffff30\" target=\"_blank\" rel=\"noopener\">Admission<\/a><\/div>\n<\/div>\n<\/div><\/div>\n\n\n\n\n\n<div class=\"wp-block-group has-global-padding is-layout-constrained wp-container-core-group-is-layout-0703f7fc wp-block-group-is-layout-constrained\" style=\"padding-top:var(--wp--preset--spacing--30);padding-right:32px;padding-bottom:var(--wp--preset--spacing--30);padding-left:32px\">\n<p style=\"font-style:normal;font-weight:300\">Students who apply are invited for an interview with a commission of experts to discuss their dissertation proposal and present their research project. They are asked questions about their knowledge in current theories and methods in social and spiritual determinants of health. The interview is in English, organized via Zoom and will take place in June each year.<\/p>\n\n\n\n<p style=\"padding-top:32px;padding-bottom:32px;font-style:normal;font-weight:500\">Annual fee is 3000 EUR.<\/p>\n<\/div>","protected":false},"excerpt":{"rendered":"<p>Jak\u00e9 budou p\u0159ij\u00edmac\u00ed zkou\u0161ky? P\u0159ij\u00edmac\u00ed pohovor: b\u011bhem kr\u00e1tk\u00e9 prezentace n\u00e1m p\u0159edstav\u00edte sv\u016fj projekt, popov\u00edd\u00e1me si o t\u00e9matu va\u0161\u00ed diserta\u010dn\u00ed pr\u00e1ce. S sebou: projekt diserta\u010dn\u00ed pr\u00e1ce (max. 5 stran), ppt prezentaci diserta\u010dn\u00ed pr\u00e1ce. Budeme se zaj\u00edmat tak\u00e9 o to, jak se orientujete v sou\u010dasn\u00fdch teori\u00edch a metod\u00e1ch v oblasti soci\u00e1ln\u00edch a spiritu\u00e1ln\u00edch determinant zdrav\u00ed a jak [&hellip;]<\/p>","protected":false},"author":2,"featured_media":0,"parent":0,"menu_order":0,"comment_status":"closed","ping_status":"closed","template":"blank","meta":{"inline_featured_image":false,"footnotes":""},"class_list":["post-134","page","type-page","status-publish","hentry"],"_links":{"self":[{"href":"https:\/\/determinantyzdravi.cz\/en\/wp-json\/wp\/v2\/pages\/134","targetHints":{"allow":["GET"]}}],"collection":[{"href":"https:\/\/determinantyzdravi.cz\/en\/wp-json\/wp\/v2\/pages"}],"about":[{"href":"https:\/\/determinantyzdravi.cz\/en\/wp-json\/wp\/v2\/types\/page"}],"author":[{"embeddable":true,"href":"https:\/\/determinantyzdravi.cz\/en\/wp-json\/wp\/v2\/users\/2"}],"replies":[{"embeddable":true,"href":"https:\/\/determinantyzdravi.cz\/en\/wp-json\/wp\/v2\/comments?post=134"}],"version-history":[{"count":8,"href":"https:\/\/determinantyzdravi.cz\/en\/wp-json\/wp\/v2\/pages\/134\/revisions"}],"predecessor-version":[{"id":200,"href":"https:\/\/determinantyzdravi.cz\/en\/wp-json\/wp\/v2\/pages\/134\/revisions\/200"}],"wp:attachment":[{"href":"https:\/\/determinantyzdravi.cz\/en\/wp-json\/wp\/v2\/media?parent=134"}],"curies":[{"name":"wp","href":"https:\/\/api.w.org\/{rel}","templated":true}]}}