{"id":146,"date":"2025-09-09T16:47:32","date_gmt":"2025-09-09T14:47:32","guid":{"rendered":"https:\/\/determinantyzdravi.cz\/?page_id=146"},"modified":"2025-09-11T16:06:03","modified_gmt":"2025-09-11T14:06:03","slug":"univerzitni-olomouc","status":"publish","type":"page","link":"https:\/\/determinantyzdravi.cz\/en\/univerzitni-olomouc\/","title":{"rendered":"Olomouc \u2013 University"},"content":{"rendered":"<div class=\"wp-block-cover\" style=\"min-height:620px;aspect-ratio:unset;\"><img loading=\"lazy\" decoding=\"async\" width=\"1566\" height=\"975\" class=\"wp-block-cover__image-background wp-image-147 size-full\" alt=\"\" src=\"https:\/\/determinantyzdravi.cz\/wp-content\/uploads\/2025\/09\/9eccec_96481b5bfd684ef3a95f5f6e2ac145afmv2.avif\" data-object-fit=\"cover\"\/><span aria-hidden=\"true\" class=\"wp-block-cover__background has-background-dim-20 has-background-dim\"><\/span><div class=\"wp-block-cover__inner-container is-layout-flow wp-block-cover-is-layout-flow\">\n<p class=\"has-text-align-center\" style=\"padding-right:0;padding-left:0;font-size:clamp(2.089rem, 2.089rem + ((1vw - 0.2rem) * 3.02), 3.75rem);\">Olomouc \u2013 University Town<\/p>\n\n\n\n<p class=\"has-text-align-center\">The University is situated directly in the historical downtown.<\/p>\n<\/div><\/div>\n\n\n\n<div class=\"wp-block-group has-global-padding is-layout-constrained wp-container-core-group-is-layout-92d1e611 wp-block-group-is-layout-constrained\" style=\"padding-top:16px;padding-right:32px;padding-bottom:48px;padding-left:32px\">\n<p style=\"padding-top:32px;padding-bottom:32px;font-style:normal;font-weight:500\">It is love at first sight!<\/p>\n\n\n\n<p style=\"font-style:normal;font-weight:300\">Olomouc is a friendly town, safe, affordable, and with an international student community. Olomouc is large enough to accommodate all the modern facilities and services you need (university, medical centre and hospital, tourism office, public transportation, shopping opportunities, etc.), yet small enough to keep the cosy atmosphere, allowing you to literally just walk wherever you need to go.<\/p>\n\n\n\n<p class=\"has-contrast-color has-text-color has-link-color wp-elements-147a8ec7c9a93df565fd5658e5089367\" style=\"padding-top:var(--wp--preset--spacing--30);padding-bottom:var(--wp--preset--spacing--30);font-style:normal;font-weight:300\"><a href=\"https:\/\/www.lonelyplanet.com\/articles\/olomouc-the-czech-republics-best-kept-secret\" target=\"_blank\" rel=\"noopener\">Read what Lonely Planet has to say about Olomouc.<\/a><\/p>\n<\/div>\n\n\n\n<div class=\"wp-block-columns has-custom-color-1-background-color has-background is-layout-flex wp-container-core-columns-is-layout-8b835aa6 wp-block-columns-is-layout-flex\" style=\"margin-top:0;margin-bottom:0;padding-top:var(--wp--preset--spacing--30);padding-right:var(--wp--preset--spacing--30);padding-bottom:var(--wp--preset--spacing--30);padding-left:var(--wp--preset--spacing--30)\">\n<div class=\"wp-block-column is-layout-flow wp-container-core-column-is-layout-92d440f1 wp-block-column-is-layout-flow\" style=\"padding-top:0;padding-bottom:0\">\n<div class=\"wp-block-group has-global-padding is-layout-constrained wp-block-group-is-layout-constrained has-background\" style=\"min-height:256px;background-image:url(&apos;https:\/\/determinantyzdravi.cz\/wp-content\/uploads\/2025\/09\/9eccec_6e9e6b2b51e64637b2e94171dccd7e21mv2.avif&apos;);background-size:cover;\"><\/div>\n<\/div>\n\n\n\n<div class=\"wp-block-column is-layout-flow wp-block-column-is-layout-flow\">\n<div class=\"wp-block-group has-global-padding is-layout-constrained wp-block-group-is-layout-constrained has-background\" style=\"min-height:256px;background-image:url(&apos;https:\/\/determinantyzdravi.cz\/wp-content\/uploads\/2025\/09\/9eccec_d37f3d6b25c7454393c7619b69474025mv2.avif&apos;);background-size:cover;\"><\/div>\n<\/div>\n\n\n\n<div class=\"wp-block-column is-layout-flow wp-block-column-is-layout-flow\">\n<div class=\"wp-block-group has-global-padding is-layout-constrained wp-block-group-is-layout-constrained has-background\" style=\"min-height:256px;background-image:url(&apos;https:\/\/determinantyzdravi.cz\/wp-content\/uploads\/2025\/09\/9eccec_2792ddace7ff42928503807d68c1d143mv2.avif&apos;);background-size:cover;\"><\/div>\n<\/div>\n<\/div>\n\n\n\n<div class=\"wp-block-group has-global-padding is-layout-constrained wp-container-core-group-is-layout-fc302805 wp-block-group-is-layout-constrained\" style=\"margin-top:0;margin-bottom:0;padding-top:16px;padding-right:32px;padding-bottom:48px;padding-left:32px\">\n<p style=\"padding-top:32px;padding-bottom:32px;font-style:normal;font-weight:500\">Olomouc University Social Health Institute<\/p>\n\n\n\n<p style=\"font-style:normal;font-weight:300\">(the umbrella organization for this PhD programme) is situated in the historical downtown, surrounded by parks, restaurants, caf\u00e9s, shopping mall, cycling paths, just 5 minutes walking distance from the attractive city centre. It is seated in a newly reconstructed building with classrooms, areas for individual work as well as community areas allowing the students to discuss their research or just life. Olomouc lies in the vicinity of fortresses, view towers, chateaus and castles, lakes and numerous other tourist and cultural attractions.<\/p>\n\n\n\n<p class=\"has-contrast-color has-text-color has-link-color wp-elements-b3b23997aab8139c271aaebea5cdfc7c\" style=\"padding-top:var(--wp--preset--spacing--30);padding-bottom:var(--wp--preset--spacing--30);font-style:normal;font-weight:300\">Check out our newly refurbished center of research and science: <a href=\"https:\/\/youtu.be\/Dym7N35uIrc\" target=\"_blank\" rel=\"noopener\">https:\/\/youtu.be\/Dym7N35uIrc<\/a><\/p>\n\n\n\n<figure class=\"wp-block-embed is-type-video is-provider-youtube wp-block-embed-youtube wp-embed-aspect-16-9 wp-has-aspect-ratio\"><div class=\"wp-block-embed__wrapper\">\n<iframe loading=\"lazy\" title=\"Palack\u00fd University, Olomouc\" width=\"500\" height=\"281\" src=\"https:\/\/www.youtube.com\/embed\/RXT2KOcG2zE?feature=oembed\" frameborder=\"0\" allow=\"accelerometer; autoplay; clipboard-write; encrypted-media; gyroscope; picture-in-picture; web-share\" referrerpolicy=\"strict-origin-when-cross-origin\" allowfullscreen><\/iframe>\n<\/div><\/figure>\n\n\n\n<figure class=\"wp-block-embed is-type-video is-provider-youtube wp-block-embed-youtube wp-embed-aspect-16-9 wp-has-aspect-ratio\" style=\"margin-top:var(--wp--preset--spacing--30);margin-bottom:var(--wp--preset--spacing--30)\"><div class=\"wp-block-embed__wrapper\">\n<iframe loading=\"lazy\" title=\"Olomouc - University City\" width=\"500\" height=\"281\" src=\"https:\/\/www.youtube.com\/embed\/z1nHw2xhw3M?feature=oembed\" frameborder=\"0\" allow=\"accelerometer; autoplay; clipboard-write; encrypted-media; gyroscope; picture-in-picture; web-share\" referrerpolicy=\"strict-origin-when-cross-origin\" allowfullscreen><\/iframe>\n<\/div><\/figure>\n<\/div>\n\n\n\n<div class=\"wp-block-cover is-light\"><img loading=\"lazy\" decoding=\"async\" width=\"1108\" height=\"690\" class=\"wp-block-cover__image-background wp-image-151 size-full\" alt=\"\" src=\"https:\/\/determinantyzdravi.cz\/wp-content\/uploads\/2025\/09\/9eccec_09e543a175d64b1daac1d87994668af0mv2.avif\" style=\"object-position:50% 100%\" data-object-fit=\"cover\" data-object-position=\"50% 100%\"\/><span aria-hidden=\"true\" class=\"wp-block-cover__background has-background-dim\" style=\"background-color:#8e9ec1\"><\/span><div class=\"wp-block-cover__inner-container has-global-padding is-layout-constrained wp-block-cover-is-layout-constrained\">\n<p class=\"has-text-align-center has-base-color has-text-color has-link-color wp-elements-f673a83843cb326116305524d60fc14f\" style=\"font-size:clamp(2.089rem, 2.089rem + ((1vw - 0.2rem) * 3.02), 3.75rem);\">It is love at first sight!<\/p>\n<\/div><\/div>","protected":false},"excerpt":{"rendered":"<p>Olomouc si zamilujete Kontaktn\u00ed vyu\u010dov\u00e1n\u00ed bude prob\u00edhat blokov\u011b v nov\u011b rekonstruovan\u00e9 budov\u011b v centru m\u011bsta. V dosahu je v\u0161e, co pot\u0159ebujete: restaurace, kav\u00e1rny, knihovny, parky. Stotis\u00edcov\u00e1 Olomouc je v pr\u016fb\u011bhu semestru pln\u00e1 mlad\u00fdch lid\u00ed, proto\u017ee student\u016f na univerzit\u011b je cca dvacet tis\u00edc a to u\u017e je na han\u00e1ck\u00e9 metropoli po\u0159\u00e1dn\u011b zn\u00e1t. Do Olomouce jezd\u00ed rychl\u00edky [&hellip;]<\/p>","protected":false},"author":2,"featured_media":0,"parent":0,"menu_order":0,"comment_status":"closed","ping_status":"closed","template":"blank","meta":{"inline_featured_image":false,"footnotes":""},"class_list":["post-146","page","type-page","status-publish","hentry"],"_links":{"self":[{"href":"https:\/\/determinantyzdravi.cz\/en\/wp-json\/wp\/v2\/pages\/146","targetHints":{"allow":["GET"]}}],"collection":[{"href":"https:\/\/determinantyzdravi.cz\/en\/wp-json\/wp\/v2\/pages"}],"about":[{"href":"https:\/\/determinantyzdravi.cz\/en\/wp-json\/wp\/v2\/types\/page"}],"author":[{"embeddable":true,"href":"https:\/\/determinantyzdravi.cz\/en\/wp-json\/wp\/v2\/users\/2"}],"replies":[{"embeddable":true,"href":"https:\/\/determinantyzdravi.cz\/en\/wp-json\/wp\/v2\/comments?post=146"}],"version-history":[{"count":13,"href":"https:\/\/determinantyzdravi.cz\/en\/wp-json\/wp\/v2\/pages\/146\/revisions"}],"predecessor-version":[{"id":211,"href":"https:\/\/determinantyzdravi.cz\/en\/wp-json\/wp\/v2\/pages\/146\/revisions\/211"}],"wp:attachment":[{"href":"https:\/\/determinantyzdravi.cz\/en\/wp-json\/wp\/v2\/media?parent=146"}],"curies":[{"name":"wp","href":"https:\/\/api.w.org\/{rel}","templated":true}]}}