{"id":99,"date":"2025-09-09T15:22:22","date_gmt":"2025-09-09T13:22:22","guid":{"rendered":"https:\/\/determinantyzdravi.cz\/?page_id=99"},"modified":"2025-09-11T16:18:48","modified_gmt":"2025-09-11T14:18:48","slug":"jake-bude-studium","status":"publish","type":"page","link":"https:\/\/determinantyzdravi.cz\/en\/jake-bude-studium\/","title":{"rendered":"Study PhD"},"content":{"rendered":"<div class=\"wp-block-cover\" style=\"min-height:620px;aspect-ratio:unset;\"><img loading=\"lazy\" decoding=\"async\" width=\"2718\" height=\"938\" class=\"wp-block-cover__image-background wp-image-103 size-full\" alt=\"\" src=\"https:\/\/determinantyzdravi.cz\/wp-content\/uploads\/2025\/09\/9eccec_fdc10d393c134720ad0b4d1742d71ee0mv2.avif\" data-object-fit=\"cover\"\/><span aria-hidden=\"true\" class=\"wp-block-cover__background has-background-dim-0 has-background-dim\"><\/span><div class=\"wp-block-cover__inner-container has-global-padding is-layout-constrained wp-block-cover-is-layout-constrained\">\n<p class=\"has-text-align-center\" style=\"font-size:clamp(2.089rem, 2.089rem + ((1vw - 0.2rem) * 3.02), 3.75rem);\">Study PhD<\/p>\n\n\n\n<p class=\"has-text-align-center has-medium-font-size\">Each student prepares their own Individual Study Plan (ISP), including both the required elective subjects as well as research plan. The ISP is compiled with the assistance and under the supervision of their assigned tutor. The ISP gets updated throughout the programme and approved by the tutor and the academic board.<\/p>\n<\/div><\/div>\n\n\n\n<div class=\"wp-block-columns is-layout-flex wp-container-core-columns-is-layout-954ec4bb wp-block-columns-is-layout-flex\" style=\"padding-right:var(--wp--preset--spacing--40);padding-left:var(--wp--preset--spacing--40)\">\n<div class=\"wp-block-column is-layout-flow wp-block-column-is-layout-flow\">\n<div class=\"wp-block-group has-global-padding is-content-justification-left is-layout-constrained wp-container-core-group-is-layout-b7c1a128 wp-block-group-is-layout-constrained\" style=\"padding-top:var(--wp--preset--spacing--80);padding-right:var(--wp--preset--spacing--50);padding-bottom:var(--wp--preset--spacing--80);padding-left:var(--wp--preset--spacing--50)\">\n<figure class=\"wp-block-image size-large is-resized\"><img loading=\"lazy\" decoding=\"async\" width=\"200\" height=\"200\" src=\"https:\/\/determinantyzdravi.cz\/wp-content\/uploads\/2025\/09\/icon5.svg\" alt=\"\" class=\"wp-image-119\" style=\"width:48px\"\/><\/figure>\n\n\n\n<hr class=\"wp-block-separator alignwide has-alpha-channel-opacity\" style=\"margin-top:16px;margin-bottom:16px\"\/>\n\n\n\n<p style=\"font-style:normal;font-weight:500\">Scientific disciplines\/subjects you can look forward to<\/p>\n\n\n\n<ul class=\"wp-block-list\">\n<li style=\"font-style:normal;font-weight:300\">Quantitative and qualitative research methods<\/li>\n\n\n\n<li style=\"font-style:normal;font-weight:300\">Scientific communication and research project management<\/li>\n\n\n\n<li style=\"font-style:normal;font-weight:300\">How to write a scientific paper<\/li>\n\n\n\n<li style=\"font-style:normal;font-weight:300\">Statistical data processing<\/li>\n\n\n\n<li style=\"font-style:normal;font-weight:300\">Phenomenological approach to research<\/li>\n\n\n\n<li style=\"font-style:normal;font-weight:300\">Concept mapping<\/li>\n\n\n\n<li style=\"font-style:normal;font-weight:300\">Systematic review and metaanalysis<\/li>\n\n\n\n<li style=\"font-style:normal;font-weight:300\">Spirituality and personal development<\/li>\n\n\n\n<li style=\"font-style:normal;font-weight:300\">Clinical psychology and psychopathology<\/li>\n\n\n\n<li style=\"font-style:normal;font-weight:300\">Healthcare finance and management<\/li>\n<\/ul>\n\n\n\n<div class=\"wp-block-buttons is-layout-flex wp-block-buttons-is-layout-flex\" style=\"padding-top:16px;padding-bottom:16px\">\n<div class=\"wp-block-button is-style-outline is-style-outline--1\"><a class=\"wp-block-button__link wp-element-button\" href=\"\/en\/study-plan\/\" style=\"padding-right:var(--wp--preset--spacing--40);padding-left:var(--wp--preset--spacing--40)\">Study plan<\/a><\/div>\n<\/div>\n<\/div>\n<\/div>\n\n\n\n<div class=\"wp-block-column is-layout-flow wp-block-column-is-layout-flow\">\n<div class=\"wp-block-group is-vertical is-layout-flex wp-container-core-group-is-layout-e1300cac wp-block-group-is-layout-flex has-background\" style=\"min-height:100%;background-image:url(&apos;https:\/\/determinantyzdravi.cz\/wp-content\/uploads\/2025\/09\/bc018e_0007a5fa20a5492783d03c318e2d4946mv2.avif&apos;);background-size:cover;\"><\/div>\n<\/div>\n<\/div>\n\n\n\n<div class=\"wp-block-columns is-layout-flex wp-container-core-columns-is-layout-954ec4bb wp-block-columns-is-layout-flex\" style=\"padding-right:var(--wp--preset--spacing--40);padding-left:var(--wp--preset--spacing--40)\">\n<div class=\"wp-block-column is-layout-flow wp-block-column-is-layout-flow\">\n<div class=\"wp-block-group is-vertical is-layout-flex wp-container-core-group-is-layout-e1300cac wp-block-group-is-layout-flex has-background\" style=\"min-height:100%;background-image:url(&apos;https:\/\/determinantyzdravi.cz\/wp-content\/uploads\/2025\/09\/bc018e_3d8c71b860a14e9ba59588e680fe2c47mv2.avif&apos;);background-size:cover;\"><\/div>\n<\/div>\n\n\n\n<div class=\"wp-block-column is-layout-flow wp-block-column-is-layout-flow\">\n<div class=\"wp-block-group has-global-padding is-content-justification-left is-layout-constrained wp-container-core-group-is-layout-b7c1a128 wp-block-group-is-layout-constrained\" style=\"padding-top:var(--wp--preset--spacing--80);padding-right:var(--wp--preset--spacing--50);padding-bottom:var(--wp--preset--spacing--80);padding-left:var(--wp--preset--spacing--50)\">\n<figure class=\"wp-block-image size-large is-resized\"><img loading=\"lazy\" decoding=\"async\" width=\"200\" height=\"200\" src=\"https:\/\/determinantyzdravi.cz\/wp-content\/uploads\/2025\/09\/icon6.svg\" alt=\"\" class=\"wp-image-123\" style=\"width:48px\"\/><\/figure>\n\n\n\n<hr class=\"wp-block-separator alignwide has-alpha-channel-opacity\" style=\"margin-top:16px;margin-bottom:16px\"\/>\n\n\n\n<p style=\"font-style:normal;font-weight:500\">Requirements of the study programme<\/p>\n\n\n\n<ul class=\"wp-block-list\">\n<li style=\"font-style:normal;font-weight:300\">Gain 240 credits based on your ISP<\/li>\n\n\n\n<li style=\"font-style:normal;font-weight:300\">Submit a scientific article to a peer-reviewed journal before the end of the first year<\/li>\n\n\n\n<li style=\"font-style:normal;font-weight:300\">Prepare an annual progress report (exams passed, internships, dissertation progress) and updated plan for the next year<\/li>\n\n\n\n\n\n\n\n<li style=\"font-style:normal;font-weight:300\">Spend some research time at another (foreign) research or academic institution or take part in an international project with results published abroad<\/li>\n\n\n\n<li style=\"font-style:normal;font-weight:300\">In your research, focus on four research areas (topics) as a preparation for the state doctoral exam (different from the research in dissertation) and pass the doctoral exam<\/li>\n\n\n\n<li style=\"font-style:normal;font-weight:300\">Write a dissertation of at least 120 pages or prepare a collection of five articles focusing on a single topic (at least three of them published and two submitted to peer-reviewed journals as the main author)<\/li>\n<\/ul>\n<\/div>\n<\/div>\n<\/div>\n\n\n\n<div class=\"wp-block-columns is-layout-flex wp-container-core-columns-is-layout-954ec4bb wp-block-columns-is-layout-flex\" style=\"padding-right:var(--wp--preset--spacing--40);padding-left:var(--wp--preset--spacing--40)\">\n<div class=\"wp-block-column is-layout-flow wp-block-column-is-layout-flow\">\n<div class=\"wp-block-group has-global-padding is-content-justification-left is-layout-constrained wp-container-core-group-is-layout-b7c1a128 wp-block-group-is-layout-constrained\" style=\"padding-top:var(--wp--preset--spacing--80);padding-right:var(--wp--preset--spacing--50);padding-bottom:var(--wp--preset--spacing--80);padding-left:var(--wp--preset--spacing--50)\">\n<figure class=\"wp-block-image size-large is-resized\"><img loading=\"lazy\" decoding=\"async\" width=\"200\" height=\"200\" src=\"https:\/\/determinantyzdravi.cz\/wp-content\/uploads\/2025\/09\/icon7.svg\" alt=\"\" class=\"wp-image-127\" style=\"width:48px\"\/><\/figure>\n\n\n\n<hr class=\"wp-block-separator alignwide has-alpha-channel-opacity\" style=\"margin-top:16px;margin-bottom:16px\"\/>\n\n\n\n<p style=\"font-style:normal;font-weight:500\">Research Areas \/ OUSHI<\/p>\n\n\n\n<p style=\"font-style:normal;font-weight:300\">The doctoral study programme is organized by the Olomouc University Social Health Institute (OUSHI), the department of the Sts Cyril and Methodius Faculty of Theology, Palacky University, Olomouc.<\/p>\n\n\n\n<div class=\"wp-block-group has-global-padding is-layout-constrained wp-container-core-group-is-layout-233e2d42 wp-block-group-is-layout-constrained\" style=\"margin-top:var(--wp--preset--spacing--30);margin-bottom:var(--wp--preset--spacing--30)\">\n<div class=\"wp-block-group has-global-padding is-layout-constrained wp-block-group-is-layout-constrained\">\n<p>Just to mention some of their research areas:<\/p>\n\n\n\n<ul style=\"font-style:normal;font-weight:300\" class=\"wp-block-list\">\n<li style=\"font-style:normal;font-weight:300\">Qualitative research in the field of health, certified DIPEx methodology<\/li>\n\n\n\n<li>Cultural psychology and ethnic minority research<\/li>\n\n\n\n<li>Spirituality<\/li>\n\n\n\n<li>Public health<\/li>\n\n\n\n<li>Health and personality<\/li>\n<\/ul>\n<\/div>\n\n\n\n<div class=\"wp-block-group has-global-padding is-layout-constrained wp-block-group-is-layout-constrained\">\n<p>OUSHI also carries out numerous research projects:<\/p>\n\n\n\n<ul style=\"font-style:normal;font-weight:300\" class=\"wp-block-list\">\n<li>Experiences of women with breast cancer<\/li>\n\n\n\n<li>Children with ADHD<\/li>\n\n\n\n<li>Quality of life improvement for patients with Lyme disease<\/li>\n\n\n\n<li>Age friendliness<\/li>\n\n\n\n<li>Discrimination in access to healthcare for minorities<\/li>\n\n\n\n<li>Non-profit drugs<\/li>\n\n\n\n<li>Relationships between the child, family and school<\/li>\n<\/ul>\n<\/div>\n<\/div>\n\n\n\n<div class=\"wp-block-buttons is-layout-flex wp-block-buttons-is-layout-flex\" style=\"padding-top:16px;padding-bottom:16px\">\n<div class=\"wp-block-button is-style-outline is-style-outline--2\"><a class=\"wp-block-button__link wp-element-button\" href=\"https:\/\/oushi.upol.cz\" style=\"padding-right:var(--wp--preset--spacing--40);padding-left:var(--wp--preset--spacing--40)\" target=\"_blank\" rel=\"noopener\">OUSHI<\/a><\/div>\n<\/div>\n<\/div>\n<\/div>\n\n\n\n<div class=\"wp-block-column is-layout-flow wp-block-column-is-layout-flow\">\n<div class=\"wp-block-group is-vertical is-layout-flex wp-container-core-group-is-layout-e1300cac wp-block-group-is-layout-flex has-background\" style=\"min-height:100%;background-image:url(&apos;https:\/\/determinantyzdravi.cz\/wp-content\/uploads\/2025\/09\/9eccec_fff6739627a94d1d9997845e44512f35mv2.avif&apos;);background-position:50% 50%;background-repeat:repeat;background-size:contain;\"><\/div>\n<\/div>\n<\/div>\n\n\n\n<div class=\"wp-block-columns is-layout-flex wp-container-core-columns-is-layout-954ec4bb wp-block-columns-is-layout-flex\" style=\"padding-right:var(--wp--preset--spacing--40);padding-left:var(--wp--preset--spacing--40)\">\n<div class=\"wp-block-column is-layout-flow wp-block-column-is-layout-flow\">\n<div class=\"wp-block-group is-vertical is-layout-flex wp-container-core-group-is-layout-e1300cac wp-block-group-is-layout-flex has-background\" style=\"min-height:100%;background-image:url(&apos;https:\/\/determinantyzdravi.cz\/wp-content\/uploads\/2025\/09\/9eccec_8967e90b573d481a83c37da546c7ef47mv2.avif&apos;);background-position:0% 0%;background-size:cover;background-attachment:scroll;\"><\/div>\n<\/div>\n\n\n\n<div class=\"wp-block-column is-layout-flow wp-block-column-is-layout-flow\">\n<div class=\"wp-block-group has-global-padding is-content-justification-left is-layout-constrained wp-container-core-group-is-layout-b7c1a128 wp-block-group-is-layout-constrained\" style=\"padding-top:var(--wp--preset--spacing--80);padding-right:var(--wp--preset--spacing--50);padding-bottom:var(--wp--preset--spacing--80);padding-left:var(--wp--preset--spacing--50)\">\n<figure class=\"wp-block-image size-large is-resized\"><img loading=\"lazy\" decoding=\"async\" width=\"200\" height=\"200\" src=\"https:\/\/determinantyzdravi.cz\/wp-content\/uploads\/2025\/09\/icon8.svg\" alt=\"\" class=\"wp-image-129\" style=\"width:48px\"\/><\/figure>\n\n\n\n<hr class=\"wp-block-separator alignwide has-alpha-channel-opacity\" style=\"margin-top:16px;margin-bottom:16px\"\/>\n\n\n\n<p style=\"font-style:normal;font-weight:500\">PhD Student Testimonial<\/p>\n\n\n\n<p style=\"font-style:normal;font-weight:300\">\u201cThis is an absolutely unique programme. It combines several things that are extremely interesting to me. It is where theoretical sociology, psychology and philosophy meet the practical research into social sciences, specifically human health and healthcare. The advantage is that OUSHI carries out a number of research projects that you can join and thus learn from your more experienced colleagues. Since the programme includes postgraduate students from various disciplines (psychologists, sociologists, social workers as well as biologists, mathematicians, statisticians or people knowledgeable of media) the discussions in seminars are very stimulating and fruitful. They enrich my thinking with perspectives from other disciplines.\u201d<\/p>\n\n\n\n<p class=\"has-text-align-right\" style=\"padding-top:var(--wp--preset--spacing--30);padding-bottom:var(--wp--preset--spacing--30);font-style:normal;font-weight:300\"><em>(Veronika Navr\u00e1tilov\u00e1, Ph.D. student)<\/em><\/p>\n<\/div>\n<\/div>\n<\/div>","protected":false},"excerpt":{"rendered":"<p>P\u0159edm\u011bty, na kter\u00e9 se (mimo jin\u00e9) m\u016f\u017eete t\u011b\u0161it B\u011bhem studia je nutn\u00e9 Institut soci\u00e1ln\u00edho zdrav\u00ed na UP v Olomouci (OUSHI) Doktorsk\u00fd studijn\u00ed program je \u00fazce spjat s aktivitami a v\u011bdeck\u00fdmi projekty Institutu soci\u00e1ln\u00edho zdrav\u00ed na Univerzit\u011b Palack\u00e9ho v Olomouci (OUSHI) p\u0159i CMTF UP. Just to mention some of their research areas: OUSHI also carries out [&hellip;]<\/p>","protected":false},"author":2,"featured_media":0,"parent":0,"menu_order":0,"comment_status":"closed","ping_status":"closed","template":"blank","meta":{"inline_featured_image":false,"footnotes":""},"class_list":["post-99","page","type-page","status-publish","hentry"],"_links":{"self":[{"href":"https:\/\/determinantyzdravi.cz\/en\/wp-json\/wp\/v2\/pages\/99","targetHints":{"allow":["GET"]}}],"collection":[{"href":"https:\/\/determinantyzdravi.cz\/en\/wp-json\/wp\/v2\/pages"}],"about":[{"href":"https:\/\/determinantyzdravi.cz\/en\/wp-json\/wp\/v2\/types\/page"}],"author":[{"embeddable":true,"href":"https:\/\/determinantyzdravi.cz\/en\/wp-json\/wp\/v2\/users\/2"}],"replies":[{"embeddable":true,"href":"https:\/\/determinantyzdravi.cz\/en\/wp-json\/wp\/v2\/comments?post=99"}],"version-history":[{"count":21,"href":"https:\/\/determinantyzdravi.cz\/en\/wp-json\/wp\/v2\/pages\/99\/revisions"}],"predecessor-version":[{"id":225,"href":"https:\/\/determinantyzdravi.cz\/en\/wp-json\/wp\/v2\/pages\/99\/revisions\/225"}],"wp:attachment":[{"href":"https:\/\/determinantyzdravi.cz\/en\/wp-json\/wp\/v2\/media?parent=99"}],"curies":[{"name":"wp","href":"https:\/\/api.w.org\/{rel}","templated":true}]}}